{"id":96,"date":"2021-04-26T13:04:16","date_gmt":"2021-04-26T11:04:16","guid":{"rendered":"http:\/\/www.studio-copy.pl\/?page_id=96"},"modified":"2021-04-27T08:48:47","modified_gmt":"2021-04-27T06:48:47","slug":"bezpieczny-wydruk","status":"publish","type":"page","link":"http:\/\/www.studio-copy.pl\/?page_id=96","title":{"rendered":"Bezpieczny wydruk \/ Czytniki RFID"},"content":{"rendered":"\n<p><span class=\"has-inline-color has-accent-color\">\u00a0<\/span><strong><span class=\"has-inline-color has-primary-color\">Zbli\u017ceniowe czytniki kart<\/span><\/strong><\/p>\n\n\n\n<figure class=\"wp-block-table\"><table><tbody><tr><td>&nbsp;W zwi\u0105zku z wprowadzeniem przepis\u00f3w RODO oferujemy dla naszych klient\u00f3w technologi\u0119&nbsp;<strong>Bezpiecznego i w pe\u0142ni kontrolowanego wydruku<\/strong><\/td><td><img src=\"http:\/\/www.kserotex.pl\/_var\/edytor_file\/then_rfid_730960.png\" alt=\"\"><\/td><\/tr><\/tbody><\/table><\/figure>\n\n\n\n<p>System przez nas oferowany jest w pe\u0142ni kompatybilny z niemal wszystkimi urz\u0105dzeniami Konica Minolta oraz obs\u0142uguje wi\u0119kszo\u015b\u0107 technologii RFID 125 khz Mifar, Legic, HID, Motorola \/ Indala, Hltag<\/p>\n\n\n\n<p>Mo\u017cliwe jest wyposa\u017cenie wszystkich urz\u0105dze\u0144 wielofunkcyjnych obs\u0142uguj\u0105cych Open API w czytniki kart USB zapewniaj\u0105ce kompatybilno\u015b\u0107 z r\u00f3\u017cnymi technologiami kart ID.<\/p>\n\n\n\n<p>Karty lub breloki umo\u017cliwiaj\u0105 logowanie poszczeg\u00f3lnego u\u017cytkownika do systemu &#8211; uwierzytelnianie<br>w kserokopiarce oraz logowanie do systemu rozliczeniowego.<\/p>\n\n\n\n<p>Nowatorska technologia dostarczona przez YSoft pozwala firmie Konica Minolta zaoferowa\u0107 pe\u0142n\u0105 gam\u0119 technologii kart ID dost\u0119pnych w Europie.<\/p>\n\n\n\n<p>Dost\u0119pne s\u0105 ponadto us\u0142ugi indywidualnego dopasowania ilo\u015bci wydruk\u00f3w kolor mono dla ka\u017cdego u\u017cytkownika oraz us\u0142ugi szyfrowania wed\u0142ug specyfikacji klienta.<\/p>\n\n\n\n<p><strong>Kluczowe funkcje<\/strong>&#8211; Bezpieczne i proste uwierzytelnianie oraz rozliczanie u\u017cytkownik\u00f3w na podstawie kart dla pojedynczych urz\u0105dze\u0144<\/p>\n\n\n\n<p>&#8211; Doskona\u0142e rozwi\u0105zanie dla wszystkich \u015brodowisk, w kt\u00f3rych odbywa si\u0119 obieg dokument\u00f3w poufnych<\/p>\n\n\n\n<p>&#8211; Samodzielna rejestracja u\u017cytkownik\u00f3w umo\u017cliwiaj\u0105ca \u0142atwe wdro\u017cenie kart (wy\u0142\u0105cznie w systemach obs\u0142uguj\u0105cych karty)<\/p>\n\n\n\n<p><strong>Kompatybilno\u015b\u0107 z prawie wszystkimi urz\u0105dzeniami Konica Minolta:<\/strong><\/p>\n\n\n\n<p>&#8211; bizhub 361\/421\/501\/601\/751<\/p>\n\n\n\n<p>&#8211; bizhub C203\/C253\/C353\/C451\/C550\/C650<\/p>\n\n\n\n<p>&#8211; bizhub 223\/283\/363\/423<\/p>\n\n\n\n<p>&#8211; bizhub C220\/C280\/C360 \/C452 \/ C552\/C652 (DS)<\/p>\n\n\n\n<p>&#8211; bizhub C35<\/p>\n\n\n\n<p><strong>Obs\u0142ugiwane technologie:<\/strong>&#8211; RFID 125 kHz<\/p>\n\n\n\n<p>&#8211; Mifare<\/p>\n\n\n\n<p>&#8211; Legic<\/p>\n\n\n\n<p>&#8211; HID<\/p>\n\n\n\n<p>&#8211; Motorola \/ Indala<\/p>\n\n\n\n<p>&#8211; HItag<\/p>\n\n\n\n<p><strong><span class=\"has-inline-color has-primary-color\">Korzy\u015bci<\/span><\/strong><\/p>\n\n\n\n<p>&#8211; Bezpieczne, jednorazowe uwierzytelnianie bezpo\u015brednio przy panelu urz\u0105dzenia wielofunkcyjnego ? bez konieczno\u015bci wprowadzania nazwy u\u017cytkownika i has\u0142a<\/p>\n\n\n\n<p>&#8211; \u0141atwa integracja z istniej\u0105cym \u015brodowiskiem kart ID dzi\u0119ki obs\u0142udze wszystkich technologii<\/p>\n\n\n\n<p>&#8211; Mo\u017cliwo\u015b\u0107 indywidualnego dostosowania oprogramowania sprz\u0119towego do obs\u0142ugi np. specjalnego szyfrowania kart<\/p>\n\n\n\n<p>&#8211; Oszcz\u0119dne rozwi\u0105zanie dzi\u0119ki wykorzystaniu standardowych czytnik\u00f3w kart USB.<\/p>\n","protected":false},"excerpt":{"rendered":"<p>\u00a0Zbli\u017ceniowe czytniki kart &nbsp;W zwi\u0105zku z wprowadzeniem przepis\u00f3w RODO oferujemy dla naszych klient\u00f3w technologi\u0119&nbsp;Bezpiecznego i w pe\u0142ni kontrolowanego wydruku System przez nas oferowany jest w pe\u0142ni kompatybilny z niemal wszystkimi urz\u0105dzeniami Konica Minolta oraz obs\u0142uguje wi\u0119kszo\u015b\u0107 technologii RFID 125 khz Mifar, Legic, HID, Motorola \/ Indala, Hltag Mo\u017cliwe jest wyposa\u017cenie wszystkich urz\u0105dze\u0144 wielofunkcyjnych obs\u0142uguj\u0105cych Open [&hellip;]<\/p>\n","protected":false},"author":1,"featured_media":0,"parent":0,"menu_order":0,"comment_status":"closed","ping_status":"closed","template":"","meta":[],"_links":{"self":[{"href":"http:\/\/www.studio-copy.pl\/index.php?rest_route=\/wp\/v2\/pages\/96"}],"collection":[{"href":"http:\/\/www.studio-copy.pl\/index.php?rest_route=\/wp\/v2\/pages"}],"about":[{"href":"http:\/\/www.studio-copy.pl\/index.php?rest_route=\/wp\/v2\/types\/page"}],"author":[{"embeddable":true,"href":"http:\/\/www.studio-copy.pl\/index.php?rest_route=\/wp\/v2\/users\/1"}],"replies":[{"embeddable":true,"href":"http:\/\/www.studio-copy.pl\/index.php?rest_route=%2Fwp%2Fv2%2Fcomments&post=96"}],"version-history":[{"count":4,"href":"http:\/\/www.studio-copy.pl\/index.php?rest_route=\/wp\/v2\/pages\/96\/revisions"}],"predecessor-version":[{"id":141,"href":"http:\/\/www.studio-copy.pl\/index.php?rest_route=\/wp\/v2\/pages\/96\/revisions\/141"}],"wp:attachment":[{"href":"http:\/\/www.studio-copy.pl\/index.php?rest_route=%2Fwp%2Fv2%2Fmedia&parent=96"}],"curies":[{"name":"wp","href":"https:\/\/api.w.org\/{rel}","templated":true}]}}