{"id":18,"date":"2021-04-07T11:46:30","date_gmt":"2021-04-07T09:46:30","guid":{"rendered":"http:\/\/www.studio-copy.pl\/?page_id=18"},"modified":"2021-05-20T08:21:10","modified_gmt":"2021-05-20T06:21:10","slug":"kontakt","status":"publish","type":"page","link":"http:\/\/www.studio-copy.pl\/?page_id=18","title":{"rendered":"Kontakt"},"content":{"rendered":"\n<p style=\"line-height:1\"><span style=\"color:#ee0707\" class=\"has-inline-color\">Dane do faktury<\/span><\/p>\n\n\n\n<p class=\"has-text-align-left\" style=\"line-height:0\"><br><strong>Studio &#8211; Copy <\/strong>Barbara Kr\u00f3l<\/p>\n\n\n\n<p class=\"has-text-align-left\" style=\"line-height:0\">ul. Podmiejska 12<\/p>\n\n\n\n<p class=\"has-text-align-left\" style=\"line-height:0\">35-312 Rzesz\u00f3w<\/p>\n\n\n\n<p style=\"line-height:0\">NIP 813 333 57 61<\/p>\n\n\n\n<p style=\"line-height:0\"><\/p>\n\n\n\n<div class=\"wp-block-image\"><figure class=\"alignright size-large is-resized\"><img loading=\"lazy\" src=\"http:\/\/www.studio-copy.pl\/wp-content\/uploads\/2021\/04\/bizhub-c3350i-min-1024x1024.png\" alt=\"\" class=\"wp-image-178\" width=\"336\" height=\"330\"\/><\/figure><\/div>\n\n\n\n<p style=\"line-height:0.5\"><span style=\"color:#f40b0b\" class=\"has-inline-color\">Nr konta bankowego:<\/span><\/p>\n\n\n\n<p style=\"line-height:0\">mBank <strong>27 1140 2004 0000 3602 7401 2264<\/strong> <\/p>\n\n\n\n<p style=\"line-height:0\">        <\/p>\n\n\n\n<p style=\"line-height:0.5\">Godziny otwarcia:<\/p>\n\n\n\n<p style=\"line-height:0.5\"><br>Pn &#8211; Pt: <strong>08.00 &#8211; 16.00<\/strong><\/p>\n\n\n\n<p style=\"line-height:0\"><br>Tel. <span style=\"color:#f30a0a\" class=\"has-inline-color\">17 250 26 28<\/span><\/p>\n\n\n\n<p style=\"line-height:0\">E-mail:&nbsp;<a href=\"mailto:serwis@kserotex.pl\">biuro<\/a><a href=\"mailto:kserotex@kserotex.pl\">@studio-copy.pl<\/a><\/p>\n\n\n\n<p><\/p>\n\n\n\n<p>Obs\u0142ugujemy Klient\u00f3w z ca\u0142ego woj. podkarpackiego w przypadku ch\u0119ci um\u00f3wienia wizyty serwisowej zapraszamy do kontaktu<\/p>\n","protected":false},"excerpt":{"rendered":"<p>Dane do faktury Studio &#8211; Copy Barbara Kr\u00f3l ul. Podmiejska 12 35-312 Rzesz\u00f3w NIP 813 333 57 61 Nr konta bankowego: mBank 27 1140 2004 0000 3602 7401 2264 Godziny otwarcia: Pn &#8211; Pt: 08.00 &#8211; 16.00 Tel. 17 250 26 28 E-mail:&nbsp;biuro@studio-copy.pl Obs\u0142ugujemy Klient\u00f3w z ca\u0142ego woj. podkarpackiego w przypadku ch\u0119ci um\u00f3wienia wizyty serwisowej [&hellip;]<\/p>\n","protected":false},"author":1,"featured_media":0,"parent":0,"menu_order":0,"comment_status":"closed","ping_status":"closed","template":"","meta":[],"_links":{"self":[{"href":"http:\/\/www.studio-copy.pl\/index.php?rest_route=\/wp\/v2\/pages\/18"}],"collection":[{"href":"http:\/\/www.studio-copy.pl\/index.php?rest_route=\/wp\/v2\/pages"}],"about":[{"href":"http:\/\/www.studio-copy.pl\/index.php?rest_route=\/wp\/v2\/types\/page"}],"author":[{"embeddable":true,"href":"http:\/\/www.studio-copy.pl\/index.php?rest_route=\/wp\/v2\/users\/1"}],"replies":[{"embeddable":true,"href":"http:\/\/www.studio-copy.pl\/index.php?rest_route=%2Fwp%2Fv2%2Fcomments&post=18"}],"version-history":[{"count":25,"href":"http:\/\/www.studio-copy.pl\/index.php?rest_route=\/wp\/v2\/pages\/18\/revisions"}],"predecessor-version":[{"id":181,"href":"http:\/\/www.studio-copy.pl\/index.php?rest_route=\/wp\/v2\/pages\/18\/revisions\/181"}],"wp:attachment":[{"href":"http:\/\/www.studio-copy.pl\/index.php?rest_route=%2Fwp%2Fv2%2Fmedia&parent=18"}],"curies":[{"name":"wp","href":"https:\/\/api.w.org\/{rel}","templated":true}]}}